{"id":274,"date":"2016-03-07T08:19:05","date_gmt":"2016-03-07T08:19:05","guid":{"rendered":"http:\/\/demo.massivedynamic.co\/startup\/?page_id=274"},"modified":"2022-03-13T18:56:29","modified_gmt":"2022-03-13T15:56:29","slug":"home","status":"publish","type":"page","link":"https:\/\/beyazesyaads.com\/","title":{"rendered":"Beyaz E\u015fya Adwords &#8211; Beyaz E\u015fya Ads Google Reklam Uzman\u0131 ve Dan\u0131\u015fmanl\u0131\u011f\u0131"},"content":{"rendered":"","protected":false},"excerpt":{"rendered":"","protected":false},"author":1,"featured_media":0,"parent":0,"menu_order":0,"comment_status":"closed","ping_status":"closed","template":"","meta":{"footnotes":""},"class_list":["post-274","page","type-page","status-publish","hentry"],"_links":{"self":[{"href":"https:\/\/beyazesyaads.com\/index.php?rest_route=\/wp\/v2\/pages\/274","targetHints":{"allow":["GET"]}}],"collection":[{"href":"https:\/\/beyazesyaads.com\/index.php?rest_route=\/wp\/v2\/pages"}],"about":[{"href":"https:\/\/beyazesyaads.com\/index.php?rest_route=\/wp\/v2\/types\/page"}],"author":[{"embeddable":true,"href":"https:\/\/beyazesyaads.com\/index.php?rest_route=\/wp\/v2\/users\/1"}],"replies":[{"embeddable":true,"href":"https:\/\/beyazesyaads.com\/index.php?rest_route=%2Fwp%2Fv2%2Fcomments&post=274"}],"version-history":[{"count":36,"href":"https:\/\/beyazesyaads.com\/index.php?rest_route=\/wp\/v2\/pages\/274\/revisions"}],"predecessor-version":[{"id":959,"href":"https:\/\/beyazesyaads.com\/index.php?rest_route=\/wp\/v2\/pages\/274\/revisions\/959"}],"wp:attachment":[{"href":"https:\/\/beyazesyaads.com\/index.php?rest_route=%2Fwp%2Fv2%2Fmedia&parent=274"}],"curies":[{"name":"wp","href":"https:\/\/api.w.org\/{rel}","templated":true}]}}